{"id":101855,"date":"2026-04-07T16:25:01","date_gmt":"2026-04-07T14:25:01","guid":{"rendered":"https:\/\/www.mp-ht.com\/travaillez-avec-nous\/"},"modified":"2026-04-09T16:47:28","modified_gmt":"2026-04-09T14:47:28","slug":"travaillez-avec-nous","status":"publish","type":"page","link":"https:\/\/www.mp-ht.com\/fr\/travaillez-avec-nous\/","title":{"rendered":"Travaillez avec nous"},"content":{"rendered":"\t\t<div data-elementor-type=\"wp-page\" data-elementor-id=\"101855\" class=\"elementor elementor-101855 elementor-100577\" data-elementor-post-type=\"page\">\n\t\t\t\t<div class=\"elementor-element elementor-element-f9fa27e cp-both mt-l mb e-flex e-con-boxed e-con e-parent\" data-id=\"f9fa27e\" data-element_type=\"container\" data-e-type=\"container\">\n\t\t\t\t\t<div class=\"e-con-inner\">\n\t\t<div class=\"elementor-element elementor-element-d45bdc8 e-con-full e-flex e-con e-child\" data-id=\"d45bdc8\" data-element_type=\"container\" data-e-type=\"container\">\n\t\t\t\t<div class=\"elementor-element elementor-element-6146bd3 elementor-invisible elementor-widget elementor-widget-image\" data-id=\"6146bd3\" data-element_type=\"widget\" data-e-type=\"widget\" data-settings=\"{&quot;motion_fx_motion_fx_scrolling&quot;:&quot;yes&quot;,&quot;motion_fx_translateY_effect&quot;:&quot;yes&quot;,&quot;motion_fx_translateY_direction&quot;:&quot;negative&quot;,&quot;motion_fx_translateY_speed&quot;:{&quot;unit&quot;:&quot;px&quot;,&quot;size&quot;:2,&quot;sizes&quot;:[]},&quot;motion_fx_translateY_affectedRange&quot;:{&quot;unit&quot;:&quot;%&quot;,&quot;size&quot;:&quot;&quot;,&quot;sizes&quot;:{&quot;start&quot;:0,&quot;end&quot;:52}},&quot;motion_fx_devices&quot;:[&quot;desktop&quot;,&quot;laptop&quot;,&quot;tablet&quot;],&quot;_animation&quot;:&quot;fadeInLeft&quot;}\" data-widget_type=\"image.default\">\n\t\t\t\t\t\t\t\t\t\t\t\t\t\t\t<img fetchpriority=\"high\" decoding=\"async\" width=\"848\" height=\"1125\" src=\"https:\/\/www.mp-ht.com\/wp-content\/uploads\/2020\/10\/mpht-homepage-settori-impiego.webp\" class=\"attachment-full size-full wp-image-101842\" alt=\"\" srcset=\"https:\/\/www.mp-ht.com\/wp-content\/uploads\/2020\/10\/mpht-homepage-settori-impiego.webp 848w, https:\/\/www.mp-ht.com\/wp-content\/uploads\/2020\/10\/mpht-homepage-settori-impiego-226x300.webp 226w, https:\/\/www.mp-ht.com\/wp-content\/uploads\/2020\/10\/mpht-homepage-settori-impiego-772x1024.webp 772w, https:\/\/www.mp-ht.com\/wp-content\/uploads\/2020\/10\/mpht-homepage-settori-impiego-768x1019.webp 768w\" sizes=\"(max-width: 848px) 100vw, 848px\" \/>\t\t\t\t\t\t\t\t\t\t\t\t\t\t\t<\/div>\n\t\t\t\t<\/div>\n\t\t<div class=\"elementor-element elementor-element-c0df08b e-con-full e-flex e-con e-child\" data-id=\"c0df08b\" data-element_type=\"container\" data-e-type=\"container\" id=\"candidatura\">\n\t\t\t\t<div class=\"elementor-element elementor-element-f0d8018 h2 elementor-widget elementor-widget-heading\" data-id=\"f0d8018\" data-element_type=\"widget\" data-e-type=\"widget\" data-widget_type=\"heading.default\">\n\t\t\t\t\t<h1 class=\"elementor-heading-title elementor-size-default\">Rejoignez notre \u00e9quipe !<\/h1>\t\t\t\t<\/div>\n\t\t\t\t<div class=\"elementor-element elementor-element-62479a1 subtitle elementor-widget elementor-widget-text-editor\" data-id=\"62479a1\" data-element_type=\"widget\" data-e-type=\"widget\" data-widget_type=\"text-editor.default\">\n\t\t\t\t\t\t\t\t\t<p>Construisons ensemble l&rsquo;avenir du nettoyage industriel : envoyez-nous votre candidature.<\/p>\t\t\t\t\t\t\t\t<\/div>\n\t\t\t\t<div class=\"elementor-element elementor-element-c627eae elementor-widget elementor-widget-text-editor\" data-id=\"c627eae\" data-element_type=\"widget\" data-e-type=\"widget\" data-widget_type=\"text-editor.default\">\n\t\t\t\t\t\t\t\t\t<p>Nous sommes toujours \u00e0 la recherche de <strong>personnes talentueuses, entreprenantes et pr\u00eates \u00e0 se lancer<\/strong> dans un environnement dynamique et en constante croissance.<\/p><p>Si vous pensez pouvoir apporter de la valeur \u00e0 l&rsquo;\u00e9quipe MP-HT, <strong>remplissez le formulaire que vous trouverez ici et pr\u00e9sentez-vous<\/strong>. Nous examinerons votre profil avec la plus grande attention. <\/p>\t\t\t\t\t\t\t\t<\/div>\n\t\t\t\t<div class=\"elementor-element elementor-element-852957d elementor-widget elementor-widget-global elementor-global-102184 elementor-global-2222 elementor-widget-form\" data-id=\"852957d\" data-element_type=\"widget\" data-e-type=\"widget\" data-settings=\"{&quot;button_width&quot;:&quot;40&quot;,&quot;step_next_label&quot;:&quot;Suivant&quot;,&quot;step_previous_label&quot;:&quot;Pr\\u00e9c\\u00e9dent&quot;,&quot;step_type&quot;:&quot;number_text&quot;,&quot;step_icon_shape&quot;:&quot;circle&quot;}\" data-widget_type=\"form.default\">\n\t\t\t\t\t\t\t<form class=\"elementor-form\" method=\"post\" name=\"Nouveau formulaire\" aria-label=\"Nouveau formulaire\" novalidate=\"\">\n\t\t\t<input type=\"hidden\" name=\"post_id\" value=\"101855\"\/>\n\t\t\t<input type=\"hidden\" name=\"form_id\" value=\"852957d\"\/>\n\t\t\t<input type=\"hidden\" name=\"referer_title\" value=\"\" \/>\n\n\t\t\t\n\t\t\t<div class=\"elementor-form-fields-wrapper elementor-labels-above\">\n\t\t\t\t\t\t\t\t<div class=\"elementor-field-type-text elementor-field-group elementor-column elementor-field-group-name elementor-col-50 elementor-md-100 elementor-field-required elementor-mark-required\">\n\t\t\t\t\t\t\t\t\t\t\t\t<label for=\"form-field-name\" class=\"elementor-field-label\">\n\t\t\t\t\t\t\t\tPr\u00e9nom\t\t\t\t\t\t\t<\/label>\n\t\t\t\t\t\t\t\t\t\t\t\t\t\t<input size=\"1\" type=\"text\" name=\"form_fields[name]\" id=\"form-field-name\" class=\"elementor-field elementor-size-sm  elementor-field-textual\" placeholder=\"Saisissez votre pr\u00e9nom\" required=\"required\">\n\t\t\t\t\t\t\t\t\t\t\t<\/div>\n\t\t\t\t\t\t\t\t<div class=\"elementor-field-type-text elementor-field-group elementor-column elementor-field-group-field_edbe9ed elementor-col-50 elementor-md-100 elementor-field-required elementor-mark-required\">\n\t\t\t\t\t\t\t\t\t\t\t\t<label for=\"form-field-field_edbe9ed\" class=\"elementor-field-label\">\n\t\t\t\t\t\t\t\tNom\t\t\t\t\t\t\t<\/label>\n\t\t\t\t\t\t\t\t\t\t\t\t\t\t<input size=\"1\" type=\"text\" name=\"form_fields[field_edbe9ed]\" id=\"form-field-field_edbe9ed\" class=\"elementor-field elementor-size-sm  elementor-field-textual\" placeholder=\"Saisissez votre nom\" required=\"required\">\n\t\t\t\t\t\t\t\t\t\t\t<\/div>\n\t\t\t\t\t\t\t\t<div class=\"elementor-field-type-email elementor-field-group elementor-column elementor-field-group-email elementor-col-50 elementor-md-100 elementor-field-required elementor-mark-required\">\n\t\t\t\t\t\t\t\t\t\t\t\t<label for=\"form-field-email\" class=\"elementor-field-label\">\n\t\t\t\t\t\t\t\tE-mail\t\t\t\t\t\t\t<\/label>\n\t\t\t\t\t\t\t\t\t\t\t\t\t\t<input size=\"1\" type=\"email\" name=\"form_fields[email]\" id=\"form-field-email\" class=\"elementor-field elementor-size-sm  elementor-field-textual\" placeholder=\"Saisissez votre e-mail\" required=\"required\">\n\t\t\t\t\t\t\t\t\t\t\t<\/div>\n\t\t\t\t\t\t\t\t<div class=\"elementor-field-type-text elementor-field-group elementor-column elementor-field-group-oggetto elementor-col-50 elementor-md-100 elementor-field-required elementor-mark-required\">\n\t\t\t\t\t\t\t\t\t\t\t\t<label for=\"form-field-oggetto\" class=\"elementor-field-label\">\n\t\t\t\t\t\t\t\tPoste recherch\u00e9\t\t\t\t\t\t\t<\/label>\n\t\t\t\t\t\t\t\t\t\t\t\t\t\t<input size=\"1\" type=\"text\" name=\"form_fields[oggetto]\" id=\"form-field-oggetto\" class=\"elementor-field elementor-size-sm  elementor-field-textual\" placeholder=\"Ex. : Production, Ventes, Administration\" required=\"required\">\n\t\t\t\t\t\t\t\t\t\t\t<\/div>\n\t\t\t\t\t\t\t\t<div class=\"elementor-field-type-upload elementor-field-group elementor-column elementor-field-group-field_a3029ba elementor-col-100 elementor-md-100 elementor-field-required elementor-mark-required\">\n\t\t\t\t\t\t\t\t\t\t\t\t<label for=\"form-field-field_a3029ba\" class=\"elementor-field-label\">\n\t\t\t\t\t\t\t\tT\u00e9l\u00e9chargez votre CV (PDF)\t\t\t\t\t\t\t<\/label>\n\t\t\t\t\t\t\t\t<input type=\"file\" name=\"form_fields[field_a3029ba]\" id=\"form-field-field_a3029ba\" class=\"elementor-field elementor-size-sm  elementor-upload-field\" required=\"required\" data-maxsize=\"3\" data-maxsize-message=\"This file exceeds the maximum allowed size.\">\n\n\t\t\t\t\t\t<\/div>\n\t\t\t\t\t\t\t\t<div class=\"elementor-field-type-acceptance elementor-field-group elementor-column elementor-field-group-privacy_accept elementor-col-100 elementor-field-required elementor-mark-required\">\n\t\t\t\t\t\t\t<div class=\"elementor-field-subgroup\">\n\t\t\t<span class=\"elementor-field-option\">\n\t\t\t\t<input type=\"checkbox\" name=\"form_fields[privacy_accept]\" id=\"form-field-privacy_accept\" class=\"elementor-field elementor-size-sm  elementor-acceptance-field\" required=\"required\">\n\t\t\t\t<label for=\"form-field-privacy_accept\">Je d\u00e9clare avoir lu la <a href=\"#privacy-accept\" class=\"privacy-popup\">politique de confidentialit\u00e9<\/a> et j'autorise le traitement de mes donn\u00e9es \u00e0 des fins de recrutement. *<\/label>\t\t\t<\/span>\n\t\t<\/div>\n\t\t\t\t\t\t<\/div>\n\t\t\t\t\t\t\t\t<div class=\"elementor-field-type-recaptcha_v3 elementor-field-group elementor-column elementor-field-group-field_87d17c8 elementor-col-100 recaptcha_v3-bottomright\">\n\t\t\t\t\t<div class=\"elementor-field\" id=\"form-field-field_87d17c8\"><div class=\"elementor-g-recaptcha\" data-sitekey=\"6LeSHbUsAAAAALoN7dnVHn6VZQjb2B_fj8lJv748\" data-type=\"v3\" data-action=\"Form\" data-badge=\"bottomright\" data-size=\"invisible\"><\/div><\/div>\t\t\t\t<\/div>\n\t\t\t\t\t\t\t\t<div class=\"elementor-field-group elementor-column elementor-field-type-submit elementor-col-40 e-form__buttons\">\n\t\t\t\t\t<button class=\"elementor-button elementor-size-sm\" type=\"submit\">\n\t\t\t\t\t\t<span class=\"elementor-button-content-wrapper\">\n\t\t\t\t\t\t\t\t\t\t\t\t\t\t\t\t\t\t\t\t\t\t<span class=\"elementor-button-text\">Envoyer la candidature<\/span>\n\t\t\t\t\t\t\t\t\t\t\t\t\t<\/span>\n\t\t\t\t\t<\/button>\n\t\t\t\t<\/div>\n\t\t\t<\/div>\n\t\t<\/form>\n\t\t\t\t\t\t<\/div>\n\t\t\t\t<\/div>\n\t\t\t\t\t<\/div>\n\t\t\t\t<\/div>\n\t\t\t\t<\/div>\n\t\t","protected":false},"excerpt":{"rendered":"<p>Rejoignez notre \u00e9quipe ! Construisons ensemble l&rsquo;avenir du nettoyage industriel : envoyez-nous votre candidature. Nous sommes toujours \u00e0 la recherche de personnes talentueuses, entreprenantes et pr\u00eates \u00e0 se lancer dans un environnement dynamique et en constante croissance. Si vous pensez pouvoir apporter de la valeur \u00e0 l&rsquo;\u00e9quipe MP-HT, remplissez le formulaire que vous trouverez ici [&hellip;]<\/p>\n","protected":false},"author":28,"featured_media":0,"parent":0,"menu_order":0,"comment_status":"closed","ping_status":"closed","template":"","meta":{"_acf_changed":false,"footnotes":""},"class_list":["post-101855","page","type-page","status-publish","hentry"],"acf":[],"_links":{"self":[{"href":"https:\/\/www.mp-ht.com\/fr\/wp-json\/wp\/v2\/pages\/101855","targetHints":{"allow":["GET"]}}],"collection":[{"href":"https:\/\/www.mp-ht.com\/fr\/wp-json\/wp\/v2\/pages"}],"about":[{"href":"https:\/\/www.mp-ht.com\/fr\/wp-json\/wp\/v2\/types\/page"}],"author":[{"embeddable":true,"href":"https:\/\/www.mp-ht.com\/fr\/wp-json\/wp\/v2\/users\/28"}],"replies":[{"embeddable":true,"href":"https:\/\/www.mp-ht.com\/fr\/wp-json\/wp\/v2\/comments?post=101855"}],"version-history":[{"count":1,"href":"https:\/\/www.mp-ht.com\/fr\/wp-json\/wp\/v2\/pages\/101855\/revisions"}],"predecessor-version":[{"id":101856,"href":"https:\/\/www.mp-ht.com\/fr\/wp-json\/wp\/v2\/pages\/101855\/revisions\/101856"}],"wp:attachment":[{"href":"https:\/\/www.mp-ht.com\/fr\/wp-json\/wp\/v2\/media?parent=101855"}],"curies":[{"name":"wp","href":"https:\/\/api.w.org\/{rel}","templated":true}]}}