{"id":103224,"date":"2026-04-07T16:25:01","date_gmt":"2026-04-07T14:25:01","guid":{"rendered":"https:\/\/www.mp-ht.com\/trabaje-con-nosotros\/"},"modified":"2026-04-10T09:05:28","modified_gmt":"2026-04-10T07:05:28","slug":"trabaje-con-nosotros","status":"publish","type":"page","link":"https:\/\/www.mp-ht.com\/es\/trabaje-con-nosotros\/","title":{"rendered":"Trabaje con nosotros"},"content":{"rendered":"\t\t<div data-elementor-type=\"wp-page\" data-elementor-id=\"103224\" class=\"elementor elementor-103224 elementor-100577\" data-elementor-post-type=\"page\">\n\t\t\t\t<div class=\"elementor-element elementor-element-f9fa27e cp-both mt-l mb e-flex e-con-boxed e-con e-parent\" data-id=\"f9fa27e\" data-element_type=\"container\" data-e-type=\"container\">\n\t\t\t\t\t<div class=\"e-con-inner\">\n\t\t<div class=\"elementor-element elementor-element-d45bdc8 e-con-full e-flex e-con e-child\" data-id=\"d45bdc8\" data-element_type=\"container\" data-e-type=\"container\">\n\t\t\t\t<div class=\"elementor-element elementor-element-6146bd3 elementor-invisible elementor-widget elementor-widget-image\" data-id=\"6146bd3\" data-element_type=\"widget\" data-e-type=\"widget\" data-settings=\"{&quot;motion_fx_motion_fx_scrolling&quot;:&quot;yes&quot;,&quot;motion_fx_translateY_effect&quot;:&quot;yes&quot;,&quot;motion_fx_translateY_direction&quot;:&quot;negative&quot;,&quot;motion_fx_translateY_speed&quot;:{&quot;unit&quot;:&quot;px&quot;,&quot;size&quot;:2,&quot;sizes&quot;:[]},&quot;motion_fx_translateY_affectedRange&quot;:{&quot;unit&quot;:&quot;%&quot;,&quot;size&quot;:&quot;&quot;,&quot;sizes&quot;:{&quot;start&quot;:0,&quot;end&quot;:52}},&quot;motion_fx_devices&quot;:[&quot;desktop&quot;,&quot;laptop&quot;,&quot;tablet&quot;],&quot;_animation&quot;:&quot;fadeInLeft&quot;}\" data-widget_type=\"image.default\">\n\t\t\t\t\t\t\t\t\t\t\t\t\t\t\t<img fetchpriority=\"high\" decoding=\"async\" width=\"848\" height=\"1125\" src=\"https:\/\/www.mp-ht.com\/wp-content\/uploads\/2020\/10\/mpht-homepage-settori-impiego.webp\" class=\"attachment-full size-full wp-image-102849\" alt=\"\" srcset=\"https:\/\/www.mp-ht.com\/wp-content\/uploads\/2020\/10\/mpht-homepage-settori-impiego.webp 848w, https:\/\/www.mp-ht.com\/wp-content\/uploads\/2020\/10\/mpht-homepage-settori-impiego-226x300.webp 226w, https:\/\/www.mp-ht.com\/wp-content\/uploads\/2020\/10\/mpht-homepage-settori-impiego-772x1024.webp 772w, https:\/\/www.mp-ht.com\/wp-content\/uploads\/2020\/10\/mpht-homepage-settori-impiego-768x1019.webp 768w\" sizes=\"(max-width: 848px) 100vw, 848px\" \/>\t\t\t\t\t\t\t\t\t\t\t\t\t\t\t<\/div>\n\t\t\t\t<\/div>\n\t\t<div class=\"elementor-element elementor-element-c0df08b e-con-full e-flex e-con e-child\" data-id=\"c0df08b\" data-element_type=\"container\" data-e-type=\"container\" id=\"candidatura\">\n\t\t\t\t<div class=\"elementor-element elementor-element-f0d8018 h2 elementor-widget elementor-widget-heading\" data-id=\"f0d8018\" data-element_type=\"widget\" data-e-type=\"widget\" data-widget_type=\"heading.default\">\n\t\t\t\t\t<h1 class=\"elementor-heading-title elementor-size-default\">\u00a1Forme parte de nuestro equipo!<\/h1>\t\t\t\t<\/div>\n\t\t\t\t<div class=\"elementor-element elementor-element-62479a1 subtitle elementor-widget elementor-widget-text-editor\" data-id=\"62479a1\" data-element_type=\"widget\" data-e-type=\"widget\" data-widget_type=\"text-editor.default\">\n\t\t\t\t\t\t\t\t\t<p>Construyamos juntos el futuro de la limpieza industrial: env\u00edenos su candidatura.<\/p>\t\t\t\t\t\t\t\t<\/div>\n\t\t\t\t<div class=\"elementor-element elementor-element-c627eae elementor-widget elementor-widget-text-editor\" data-id=\"c627eae\" data-element_type=\"widget\" data-e-type=\"widget\" data-widget_type=\"text-editor.default\">\n\t\t\t\t\t\t\t\t\t<p>Siempre estamos buscando <strong>personas con talento, emprendedoras y dispuestas a asumir retos<\/strong> en un entorno din\u00e1mico y en constante crecimiento.<\/p><p>Si cree que puede aportar valor al equipo MP-HT, <strong>complete el formulario que encontrar\u00e1 aqu\u00ed y cu\u00e9ntenos qui\u00e9n es<\/strong>. Evaluaremos su perfil con la m\u00e1xima atenci\u00f3n. <\/p>\t\t\t\t\t\t\t\t<\/div>\n\t\t\t\t<div class=\"elementor-element elementor-element-852957d elementor-widget elementor-widget-global elementor-global-102987 elementor-global-2222 elementor-widget-form\" data-id=\"852957d\" data-element_type=\"widget\" data-e-type=\"widget\" data-settings=\"{&quot;button_width&quot;:&quot;40&quot;,&quot;step_next_label&quot;:&quot;Siguiente&quot;,&quot;step_previous_label&quot;:&quot;Anterior&quot;,&quot;step_type&quot;:&quot;number_text&quot;,&quot;step_icon_shape&quot;:&quot;circle&quot;}\" data-widget_type=\"form.default\">\n\t\t\t\t\t\t\t<form class=\"elementor-form\" method=\"post\" name=\"Nuevo formulario\" aria-label=\"Nuevo formulario\" novalidate=\"\">\n\t\t\t<input type=\"hidden\" name=\"post_id\" value=\"103224\"\/>\n\t\t\t<input type=\"hidden\" name=\"form_id\" value=\"852957d\"\/>\n\t\t\t<input type=\"hidden\" name=\"referer_title\" value=\"\" \/>\n\n\t\t\t\n\t\t\t<div class=\"elementor-form-fields-wrapper elementor-labels-above\">\n\t\t\t\t\t\t\t\t<div class=\"elementor-field-type-text elementor-field-group elementor-column elementor-field-group-name elementor-col-50 elementor-md-100 elementor-field-required elementor-mark-required\">\n\t\t\t\t\t\t\t\t\t\t\t\t<label for=\"form-field-name\" class=\"elementor-field-label\">\n\t\t\t\t\t\t\t\tNombre\t\t\t\t\t\t\t<\/label>\n\t\t\t\t\t\t\t\t\t\t\t\t\t\t<input size=\"1\" type=\"text\" name=\"form_fields[name]\" id=\"form-field-name\" class=\"elementor-field elementor-size-sm  elementor-field-textual\" placeholder=\"Escriba su nombre\" required=\"required\">\n\t\t\t\t\t\t\t\t\t\t\t<\/div>\n\t\t\t\t\t\t\t\t<div class=\"elementor-field-type-text elementor-field-group elementor-column elementor-field-group-field_edbe9ed elementor-col-50 elementor-md-100 elementor-field-required elementor-mark-required\">\n\t\t\t\t\t\t\t\t\t\t\t\t<label for=\"form-field-field_edbe9ed\" class=\"elementor-field-label\">\n\t\t\t\t\t\t\t\tApellidos\t\t\t\t\t\t\t<\/label>\n\t\t\t\t\t\t\t\t\t\t\t\t\t\t<input size=\"1\" type=\"text\" name=\"form_fields[field_edbe9ed]\" id=\"form-field-field_edbe9ed\" class=\"elementor-field elementor-size-sm  elementor-field-textual\" placeholder=\"Escriba sus apellidos\" required=\"required\">\n\t\t\t\t\t\t\t\t\t\t\t<\/div>\n\t\t\t\t\t\t\t\t<div class=\"elementor-field-type-email elementor-field-group elementor-column elementor-field-group-email elementor-col-50 elementor-md-100 elementor-field-required elementor-mark-required\">\n\t\t\t\t\t\t\t\t\t\t\t\t<label for=\"form-field-email\" class=\"elementor-field-label\">\n\t\t\t\t\t\t\t\tCorreo electr\u00f3nico\t\t\t\t\t\t\t<\/label>\n\t\t\t\t\t\t\t\t\t\t\t\t\t\t<input size=\"1\" type=\"email\" name=\"form_fields[email]\" id=\"form-field-email\" class=\"elementor-field elementor-size-sm  elementor-field-textual\" placeholder=\"Escriba su correo electr\u00f3nico\" required=\"required\">\n\t\t\t\t\t\t\t\t\t\t\t<\/div>\n\t\t\t\t\t\t\t\t<div class=\"elementor-field-type-text elementor-field-group elementor-column elementor-field-group-oggetto elementor-col-50 elementor-md-100 elementor-field-required elementor-mark-required\">\n\t\t\t\t\t\t\t\t\t\t\t\t<label for=\"form-field-oggetto\" class=\"elementor-field-label\">\n\t\t\t\t\t\t\t\tPuesto de inter\u00e9s\t\t\t\t\t\t\t<\/label>\n\t\t\t\t\t\t\t\t\t\t\t\t\t\t<input size=\"1\" type=\"text\" name=\"form_fields[oggetto]\" id=\"form-field-oggetto\" class=\"elementor-field elementor-size-sm  elementor-field-textual\" placeholder=\"Ej.: Producci\u00f3n, Ventas, Administraci\u00f3n\" required=\"required\">\n\t\t\t\t\t\t\t\t\t\t\t<\/div>\n\t\t\t\t\t\t\t\t<div class=\"elementor-field-type-upload elementor-field-group elementor-column elementor-field-group-field_a3029ba elementor-col-100 elementor-md-100 elementor-field-required elementor-mark-required\">\n\t\t\t\t\t\t\t\t\t\t\t\t<label for=\"form-field-field_a3029ba\" class=\"elementor-field-label\">\n\t\t\t\t\t\t\t\tSuba su CV (PDF)\t\t\t\t\t\t\t<\/label>\n\t\t\t\t\t\t\t\t<input type=\"file\" name=\"form_fields[field_a3029ba]\" id=\"form-field-field_a3029ba\" class=\"elementor-field elementor-size-sm  elementor-upload-field\" required=\"required\" data-maxsize=\"3\" data-maxsize-message=\"This file exceeds the maximum allowed size.\">\n\n\t\t\t\t\t\t<\/div>\n\t\t\t\t\t\t\t\t<div class=\"elementor-field-type-acceptance elementor-field-group elementor-column elementor-field-group-privacy_accept elementor-col-100 elementor-field-required elementor-mark-required\">\n\t\t\t\t\t\t\t<div class=\"elementor-field-subgroup\">\n\t\t\t<span class=\"elementor-field-option\">\n\t\t\t\t<input type=\"checkbox\" name=\"form_fields[privacy_accept]\" id=\"form-field-privacy_accept\" class=\"elementor-field elementor-size-sm  elementor-acceptance-field\" required=\"required\">\n\t\t\t\t<label for=\"form-field-privacy_accept\">Declaro haber le\u00eddo la <a href=\"#privacy-accept\" class=\"privacy-popup\">pol\u00edtica de privacidad<\/a> y autorizo el tratamiento de mis datos para fines de selecci\u00f3n de personal. *<\/label>\t\t\t<\/span>\n\t\t<\/div>\n\t\t\t\t\t\t<\/div>\n\t\t\t\t\t\t\t\t<div class=\"elementor-field-type-recaptcha_v3 elementor-field-group elementor-column elementor-field-group-field_87d17c8 elementor-col-100 recaptcha_v3-bottomright\">\n\t\t\t\t\t<div class=\"elementor-field\" id=\"form-field-field_87d17c8\"><div class=\"elementor-g-recaptcha\" data-sitekey=\"6LeSHbUsAAAAALoN7dnVHn6VZQjb2B_fj8lJv748\" data-type=\"v3\" data-action=\"Form\" data-badge=\"bottomright\" data-size=\"invisible\"><\/div><\/div>\t\t\t\t<\/div>\n\t\t\t\t\t\t\t\t<div class=\"elementor-field-group elementor-column elementor-field-type-submit elementor-col-40 e-form__buttons\">\n\t\t\t\t\t<button class=\"elementor-button elementor-size-sm\" type=\"submit\">\n\t\t\t\t\t\t<span class=\"elementor-button-content-wrapper\">\n\t\t\t\t\t\t\t\t\t\t\t\t\t\t\t\t\t\t\t\t\t\t<span class=\"elementor-button-text\">Enviar candidatura<\/span>\n\t\t\t\t\t\t\t\t\t\t\t\t\t<\/span>\n\t\t\t\t\t<\/button>\n\t\t\t\t<\/div>\n\t\t\t<\/div>\n\t\t<\/form>\n\t\t\t\t\t\t<\/div>\n\t\t\t\t<\/div>\n\t\t\t\t\t<\/div>\n\t\t\t\t<\/div>\n\t\t\t\t<\/div>\n\t\t","protected":false},"excerpt":{"rendered":"<p>\u00a1Forme parte de nuestro equipo! Construyamos juntos el futuro de la limpieza industrial: env\u00edenos su candidatura. Siempre estamos buscando personas con talento, emprendedoras y dispuestas a asumir retos en un entorno din\u00e1mico y en constante crecimiento. Si cree que puede aportar valor al equipo MP-HT, complete el formulario que encontrar\u00e1 aqu\u00ed y cu\u00e9ntenos qui\u00e9n es. [&hellip;]<\/p>\n","protected":false},"author":28,"featured_media":0,"parent":0,"menu_order":0,"comment_status":"closed","ping_status":"closed","template":"","meta":{"_acf_changed":false,"footnotes":""},"class_list":["post-103224","page","type-page","status-publish","hentry"],"acf":[],"_links":{"self":[{"href":"https:\/\/www.mp-ht.com\/es\/wp-json\/wp\/v2\/pages\/103224","targetHints":{"allow":["GET"]}}],"collection":[{"href":"https:\/\/www.mp-ht.com\/es\/wp-json\/wp\/v2\/pages"}],"about":[{"href":"https:\/\/www.mp-ht.com\/es\/wp-json\/wp\/v2\/types\/page"}],"author":[{"embeddable":true,"href":"https:\/\/www.mp-ht.com\/es\/wp-json\/wp\/v2\/users\/28"}],"replies":[{"embeddable":true,"href":"https:\/\/www.mp-ht.com\/es\/wp-json\/wp\/v2\/comments?post=103224"}],"version-history":[{"count":1,"href":"https:\/\/www.mp-ht.com\/es\/wp-json\/wp\/v2\/pages\/103224\/revisions"}],"predecessor-version":[{"id":103227,"href":"https:\/\/www.mp-ht.com\/es\/wp-json\/wp\/v2\/pages\/103224\/revisions\/103227"}],"wp:attachment":[{"href":"https:\/\/www.mp-ht.com\/es\/wp-json\/wp\/v2\/media?parent=103224"}],"curies":[{"name":"wp","href":"https:\/\/api.w.org\/{rel}","templated":true}]}}