{"id":103014,"date":"2026-03-18T12:07:58","date_gmt":"2026-03-18T11:07:58","guid":{"rendered":"https:\/\/www.mp-ht.com\/oportunidades\/"},"modified":"2026-04-10T09:04:24","modified_gmt":"2026-04-10T07:04:24","slug":"oportunidades","status":"publish","type":"page","link":"https:\/\/www.mp-ht.com\/es\/oportunidades\/","title":{"rendered":"Oportunidades"},"content":{"rendered":"\t\t<div data-elementor-type=\"wp-page\" data-elementor-id=\"103014\" class=\"elementor elementor-103014 elementor-1532\" data-elementor-post-type=\"page\">\n\t\t\t\t<div class=\"elementor-element elementor-element-2e42181 cp-both mt mb e-flex e-con-boxed e-con e-parent\" data-id=\"2e42181\" data-element_type=\"container\" data-e-type=\"container\">\n\t\t\t\t\t<div class=\"e-con-inner\">\n\t\t\t\t<div class=\"elementor-element elementor-element-5c888e2 elementor-widget__width-initial elementor-widget-laptop__width-inherit h2 elementor-widget elementor-widget-heading\" data-id=\"5c888e2\" data-element_type=\"widget\" data-e-type=\"widget\" data-widget_type=\"heading.default\">\n\t\t\t\t\t<h1 class=\"elementor-heading-title elementor-size-default\">Oportunidades<\/h1>\t\t\t\t<\/div>\n\t\t<div class=\"elementor-element elementor-element-ae7dcf1 e-con-full e-flex e-con e-child\" data-id=\"ae7dcf1\" data-element_type=\"container\" data-e-type=\"container\">\n\t\t<div class=\"elementor-element elementor-element-49fdadc e-con-full e-flex e-con e-child\" data-id=\"49fdadc\" data-element_type=\"container\" data-e-type=\"container\" data-settings=\"{&quot;background_background&quot;:&quot;classic&quot;}\">\n\t\t\t\t<div class=\"elementor-element elementor-element-be7000c elementor-widget elementor-widget-heading\" data-id=\"be7000c\" data-element_type=\"widget\" data-e-type=\"widget\" data-widget_type=\"heading.default\">\n\t\t\t\t\t<h2 class=\"elementor-heading-title elementor-size-default\">INCENTIVOS Y HERRAMIENTAS DE APOYO<\/h2>\t\t\t\t<\/div>\n\t\t\t\t<div class=\"elementor-element elementor-element-3d88b39 elementor-widget elementor-widget-text-editor\" data-id=\"3d88b39\" data-element_type=\"widget\" data-e-type=\"widget\" data-widget_type=\"text-editor.default\">\n\t\t\t\t\t\t\t\t\t<p>Subvenciones a fondo perdido, deducciones fiscales y fondos.<\/p>\t\t\t\t\t\t\t\t<\/div>\n\t\t\t\t<div class=\"elementor-element elementor-element-0ff50c9 elementor-widget elementor-widget-button\" data-id=\"0ff50c9\" data-element_type=\"widget\" data-e-type=\"widget\" data-widget_type=\"button.default\">\n\t\t\t\t\t\t\t\t\t\t<a class=\"elementor-button elementor-button-link elementor-size-sm\" href=\"#\">\n\t\t\t\t\t\t<span class=\"elementor-button-content-wrapper\">\n\t\t\t\t\t\t<span class=\"elementor-button-icon\">\n\t\t\t\t<svg xmlns=\"http:\/\/www.w3.org\/2000\/svg\" height=\"24px\" viewBox=\"0 -960 960 960\" width=\"24px\"><path d=\"M480-320 280-520l56-58 104 104v-326h80v326l104-104 56 58-200 200ZM240-160q-33 0-56.5-23.5T160-240v-120h80v120h480v-120h80v120q0 33-23.5 56.5T720-160H240Z\"><\/path><\/svg>\t\t\t<\/span>\n\t\t\t\t\t\t\t\t\t<span class=\"elementor-button-text\">Ver el documento<\/span>\n\t\t\t\t\t<\/span>\n\t\t\t\t\t<\/a>\n\t\t\t\t\t\t\t\t<\/div>\n\t\t\t\t<\/div>\n\t\t<div class=\"elementor-element elementor-element-4433a6b e-con-full e-flex e-con e-child\" data-id=\"4433a6b\" data-element_type=\"container\" data-e-type=\"container\" data-settings=\"{&quot;background_background&quot;:&quot;classic&quot;}\">\n\t\t\t\t<div class=\"elementor-element elementor-element-7e70a95 elementor-widget elementor-widget-heading\" data-id=\"7e70a95\" data-element_type=\"widget\" data-e-type=\"widget\" data-widget_type=\"heading.default\">\n\t\t\t\t\t<h2 class=\"elementor-heading-title elementor-size-default\">INVESTIGACI\u00d3N Y DESARROLLO<\/h2>\t\t\t\t<\/div>\n\t\t\t\t<div class=\"elementor-element elementor-element-2420fa3 elementor-widget elementor-widget-text-editor\" data-id=\"2420fa3\" data-element_type=\"widget\" data-e-type=\"widget\" data-widget_type=\"text-editor.default\">\n\t\t\t\t\t\t\t\t\t<p>Subvenci\u00f3n para gastos de explotaci\u00f3n en proyectos de Investigaci\u00f3n, Desarrollo e innovaci\u00f3n.<\/p>\t\t\t\t\t\t\t\t<\/div>\n\t\t\t\t<div class=\"elementor-element elementor-element-aacb83f elementor-widget elementor-widget-button\" data-id=\"aacb83f\" data-element_type=\"widget\" data-e-type=\"widget\" data-widget_type=\"button.default\">\n\t\t\t\t\t\t\t\t\t\t<a class=\"elementor-button elementor-button-link elementor-size-sm\" href=\"#\">\n\t\t\t\t\t\t<span class=\"elementor-button-content-wrapper\">\n\t\t\t\t\t\t<span class=\"elementor-button-icon\">\n\t\t\t\t<svg xmlns=\"http:\/\/www.w3.org\/2000\/svg\" height=\"24px\" viewBox=\"0 -960 960 960\" width=\"24px\"><path d=\"M480-320 280-520l56-58 104 104v-326h80v326l104-104 56 58-200 200ZM240-160q-33 0-56.5-23.5T160-240v-120h80v120h480v-120h80v120q0 33-23.5 56.5T720-160H240Z\"><\/path><\/svg>\t\t\t<\/span>\n\t\t\t\t\t\t\t\t\t<span class=\"elementor-button-text\">Ver el documento<\/span>\n\t\t\t\t\t<\/span>\n\t\t\t\t\t<\/a>\n\t\t\t\t\t\t\t\t<\/div>\n\t\t\t\t<\/div>\n\t\t\t\t<\/div>\n\t\t\t\t\t<\/div>\n\t\t\t\t<\/div>\n\t\t\t\t<\/div>\n\t\t","protected":false},"excerpt":{"rendered":"<p>Oportunidades INCENTIVOS Y HERRAMIENTAS DE APOYO Subvenciones a fondo perdido, deducciones fiscales y fondos. Ver el documento INVESTIGACI\u00d3N Y DESARROLLO Subvenci\u00f3n para gastos de explotaci\u00f3n en proyectos de Investigaci\u00f3n, Desarrollo e innovaci\u00f3n. Ver el documento<\/p>\n","protected":false},"author":25,"featured_media":0,"parent":0,"menu_order":0,"comment_status":"closed","ping_status":"closed","template":"","meta":{"_acf_changed":false,"footnotes":""},"class_list":["post-103014","page","type-page","status-publish","hentry"],"acf":[],"_links":{"self":[{"href":"https:\/\/www.mp-ht.com\/es\/wp-json\/wp\/v2\/pages\/103014","targetHints":{"allow":["GET"]}}],"collection":[{"href":"https:\/\/www.mp-ht.com\/es\/wp-json\/wp\/v2\/pages"}],"about":[{"href":"https:\/\/www.mp-ht.com\/es\/wp-json\/wp\/v2\/types\/page"}],"author":[{"embeddable":true,"href":"https:\/\/www.mp-ht.com\/es\/wp-json\/wp\/v2\/users\/25"}],"replies":[{"embeddable":true,"href":"https:\/\/www.mp-ht.com\/es\/wp-json\/wp\/v2\/comments?post=103014"}],"version-history":[{"count":1,"href":"https:\/\/www.mp-ht.com\/es\/wp-json\/wp\/v2\/pages\/103014\/revisions"}],"predecessor-version":[{"id":103020,"href":"https:\/\/www.mp-ht.com\/es\/wp-json\/wp\/v2\/pages\/103014\/revisions\/103020"}],"wp:attachment":[{"href":"https:\/\/www.mp-ht.com\/es\/wp-json\/wp\/v2\/media?parent=103014"}],"curies":[{"name":"wp","href":"https:\/\/api.w.org\/{rel}","templated":true}]}}